{"id":1160,"date":"2017-07-19T19:53:48","date_gmt":"2017-07-19T17:53:48","guid":{"rendered":"https:\/\/leuag.web.atrox.ch\/fr\/?page_id=1160"},"modified":"2022-07-31T19:15:35","modified_gmt":"2022-07-31T17:15:35","slug":"apercu","status":"publish","type":"page","link":"https:\/\/leuag.web.atrox.ch\/fr\/accessoires\/apercu\/","title":{"rendered":"Aper\u00e7u"},"content":{"rendered":"<p>Nous offrons une grande palette de diff\u00e9rents consommables. Cet assortiment est en permanence \u00e9largi.<\/p>\n<p>Vous trouvez ici notre brochures:<\/p>\n<a href=\"\/fr\/wp-content\/uploads\/sites\/4\/2022\/07\/Broschuere_Kleingeraete_A4_d_V2_2022_ohnePreise_0522_med.pdf\" target=\"_blank\" class=\"gfitfw-download-shortcode\">Brosch\u00fcre Verbrauchsmaterial (pdf, en allemand)<\/a>\n<a href=\"\/wp-content\/uploads\/2018\/03\/Sterile-Abdeckung_d_oP-2018-Feb.pdf\" target=\"_blank\" class=\"gfitfw-download-shortcode\">Brosch\u00fcre sterile Abdeckungen (pdf, en allemand)<\/a>\n<p>Nous sommes \u00e0 votre disposition pour toutes questions.<\/p>\n","protected":false},"excerpt":{"rendered":"<p>Nous offrons une grande palette de diff\u00e9rents consommables. Cet assortiment est en permanence \u00e9largi. Vous trouvez ici notre brochures: Nous sommes \u00e0 votre disposition pour toutes questions.<\/p>\n","protected":false},"author":1,"featured_media":0,"parent":14,"menu_order":0,"comment_status":"closed","ping_status":"closed","template":"two-columns-template.php","meta":{"footnotes":"","_links_to":"","_links_to_target":""},"class_list":["post-1160","page","type-page","status-publish","hentry"],"_links":{"self":[{"href":"https:\/\/leuag.web.atrox.ch\/fr\/wp-json\/wp\/v2\/pages\/1160","targetHints":{"allow":["GET"]}}],"collection":[{"href":"https:\/\/leuag.web.atrox.ch\/fr\/wp-json\/wp\/v2\/pages"}],"about":[{"href":"https:\/\/leuag.web.atrox.ch\/fr\/wp-json\/wp\/v2\/types\/page"}],"author":[{"embeddable":true,"href":"https:\/\/leuag.web.atrox.ch\/fr\/wp-json\/wp\/v2\/users\/1"}],"replies":[{"embeddable":true,"href":"https:\/\/leuag.web.atrox.ch\/fr\/wp-json\/wp\/v2\/comments?post=1160"}],"version-history":[{"count":9,"href":"https:\/\/leuag.web.atrox.ch\/fr\/wp-json\/wp\/v2\/pages\/1160\/revisions"}],"predecessor-version":[{"id":1994,"href":"https:\/\/leuag.web.atrox.ch\/fr\/wp-json\/wp\/v2\/pages\/1160\/revisions\/1994"}],"up":[{"embeddable":true,"href":"https:\/\/leuag.web.atrox.ch\/fr\/wp-json\/wp\/v2\/pages\/14"}],"wp:attachment":[{"href":"https:\/\/leuag.web.atrox.ch\/fr\/wp-json\/wp\/v2\/media?parent=1160"}],"curies":[{"name":"wp","href":"https:\/\/api.w.org\/{rel}","templated":true}]}}