{"id":12,"date":"2016-06-16T09:03:29","date_gmt":"2016-06-16T07:03:29","guid":{"rendered":"https:\/\/leuag.web.atrox.ch.tiberius.sui-inter.net\/?page_id=12"},"modified":"2023-11-26T15:36:24","modified_gmt":"2023-11-26T14:36:24","slug":"produits","status":"publish","type":"page","link":"https:\/\/leuag.web.atrox.ch\/fr\/produits\/","title":{"rendered":"Produits"},"content":{"rendered":"<p><a href=\"https:\/\/leuag.web.atrox.ch\/fr\/produits\/radiologie-numerique-dr\/\">Radiologie num\u00e9rique (DR)<\/a><\/p>\n<p><a href=\"https:\/\/leuag.web.atrox.ch\/fr\/produits\/installations-radiologiques-dr\/\">Installations radiologiques (DR)<\/a><\/p>\n<p><a href=\"https:\/\/leuag.web.atrox.ch\/fr\/produits\/radiographie-mobile-dr\/\">Radiographie mobile (DR)<\/a><\/p>\n<p><a href=\"https:\/\/leuag.web.atrox.ch\/fr\/produits\/retrofit-dr\/\">Retrofit (DR)<\/a><\/p>\n<p><a href=\"https:\/\/leuag.web.atrox.ch\/fr\/produits\/solution-complete-orthopedique-3d-eos\/\">Solution compl\u00e8te orthop\u00e9dique 3D (EOS)<\/a><\/p>\n<p><a href=\"https:\/\/leuag.web.atrox.ch\/fr\/produits\/ct-des-extremites-3d-planmed-verity\/\">CT des extr\u00e9mit\u00e9s 3D (Planmed Verity)<\/a><\/p>\n<p><a href=\"https:\/\/leuag.web.atrox.ch\/fr\/produits\/systemes-d-arceaux-en-c-amplificateur-d-image-chirurgical\/\">Syst\u00e8mes d&rsquo;arceaux en C<\/a><\/p>\n<p><a href=\"https:\/\/leuag.web.atrox.ch\/fr\/produits\/monitoring-des-patients\/\">Monitoring des patients<\/a><\/p>\n<p><a href=\"https:\/\/leuag.web.atrox.ch\/fr\/monitoringcompact\/\">Monitoring compact<\/a><\/p>\n<p><a href=\"https:\/\/leuag.web.atrox.ch\/fr\/produits\/defibrillateurs\/\">D\u00e9fibrillateurs<\/a><\/p>\n<p><a href=\"https:\/\/leuag.web.atrox.ch\/fr\/produits\/mesure-de-la-tension-ambulatoire\/\">Mesure de la tension longue dur\u00e9e<\/a><\/p>\n<p><a href=\"https:\/\/leuag.web.atrox.ch\/fr\/produits\/analyseurenregistreur-ecg-longue-duree\/\">Analyseur\/enregistreur ECG longue dur\u00e9e<\/a><\/p>\n<p><a href=\"https:\/\/leuag.web.atrox.ch\/fr\/produits\/ecg-au-repos-et-a-leffort\/\">ECG au repos et \u00e0 l&rsquo;effort<\/a><\/p>\n","protected":false},"excerpt":{"rendered":"<p>Radiologie num\u00e9rique (DR) Installations radiologiques (DR) Radiographie mobile (DR) Retrofit (DR) Solution compl\u00e8te orthop\u00e9dique 3D (EOS) CT des extr\u00e9mit\u00e9s 3D (Planmed Verity) Syst\u00e8mes d&rsquo;arceaux en C Monitoring des patients Monitoring compact D\u00e9fibrillateurs Mesure de la tension longue dur\u00e9e Analyseur\/enregistreur ECG longue dur\u00e9e ECG au repos et \u00e0 l&rsquo;effort<\/p>\n","protected":false},"author":1,"featured_media":0,"parent":0,"menu_order":0,"comment_status":"closed","ping_status":"closed","template":"","meta":{"footnotes":"","_links_to":"","_links_to_target":""},"class_list":["post-12","page","type-page","status-publish","hentry"],"_links":{"self":[{"href":"https:\/\/leuag.web.atrox.ch\/fr\/wp-json\/wp\/v2\/pages\/12","targetHints":{"allow":["GET"]}}],"collection":[{"href":"https:\/\/leuag.web.atrox.ch\/fr\/wp-json\/wp\/v2\/pages"}],"about":[{"href":"https:\/\/leuag.web.atrox.ch\/fr\/wp-json\/wp\/v2\/types\/page"}],"author":[{"embeddable":true,"href":"https:\/\/leuag.web.atrox.ch\/fr\/wp-json\/wp\/v2\/users\/1"}],"replies":[{"embeddable":true,"href":"https:\/\/leuag.web.atrox.ch\/fr\/wp-json\/wp\/v2\/comments?post=12"}],"version-history":[{"count":10,"href":"https:\/\/leuag.web.atrox.ch\/fr\/wp-json\/wp\/v2\/pages\/12\/revisions"}],"predecessor-version":[{"id":2164,"href":"https:\/\/leuag.web.atrox.ch\/fr\/wp-json\/wp\/v2\/pages\/12\/revisions\/2164"}],"wp:attachment":[{"href":"https:\/\/leuag.web.atrox.ch\/fr\/wp-json\/wp\/v2\/media?parent=12"}],"curies":[{"name":"wp","href":"https:\/\/api.w.org\/{rel}","templated":true}]}}