{"id":1248,"date":"2017-07-19T20:49:34","date_gmt":"2017-07-19T18:49:34","guid":{"rendered":"https:\/\/leuag.web.atrox.ch\/fr\/?page_id=1248"},"modified":"2017-07-19T20:49:59","modified_gmt":"2017-07-19T18:49:59","slug":"cable-ecg-et-electrodes","status":"publish","type":"page","link":"https:\/\/leuag.web.atrox.ch\/fr\/accessoires\/accessoires-monitoring\/cable-ecg-et-electrodes\/","title":{"rendered":"C\u00e2ble ECG et \u00e9lectrodes"},"content":{"rendered":"<p>Vous trouverez ici un aper\u00e7u de nos c\u00e2bles ECG et \u00e9lectrodes:<\/p>\n","protected":false},"excerpt":{"rendered":"<p>Vous trouverez ici un aper\u00e7u de nos c\u00e2bles ECG et \u00e9lectrodes:<\/p>\n","protected":false},"author":1,"featured_media":0,"parent":1165,"menu_order":0,"comment_status":"closed","ping_status":"closed","template":"two-columns-template.php","meta":{"footnotes":"","_links_to":"","_links_to_target":""},"class_list":["post-1248","page","type-page","status-publish","hentry"],"_links":{"self":[{"href":"https:\/\/leuag.web.atrox.ch\/fr\/wp-json\/wp\/v2\/pages\/1248","targetHints":{"allow":["GET"]}}],"collection":[{"href":"https:\/\/leuag.web.atrox.ch\/fr\/wp-json\/wp\/v2\/pages"}],"about":[{"href":"https:\/\/leuag.web.atrox.ch\/fr\/wp-json\/wp\/v2\/types\/page"}],"author":[{"embeddable":true,"href":"https:\/\/leuag.web.atrox.ch\/fr\/wp-json\/wp\/v2\/users\/1"}],"replies":[{"embeddable":true,"href":"https:\/\/leuag.web.atrox.ch\/fr\/wp-json\/wp\/v2\/comments?post=1248"}],"version-history":[{"count":2,"href":"https:\/\/leuag.web.atrox.ch\/fr\/wp-json\/wp\/v2\/pages\/1248\/revisions"}],"predecessor-version":[{"id":1250,"href":"https:\/\/leuag.web.atrox.ch\/fr\/wp-json\/wp\/v2\/pages\/1248\/revisions\/1250"}],"up":[{"embeddable":true,"href":"https:\/\/leuag.web.atrox.ch\/fr\/wp-json\/wp\/v2\/pages\/1165"}],"wp:attachment":[{"href":"https:\/\/leuag.web.atrox.ch\/fr\/wp-json\/wp\/v2\/media?parent=1248"}],"curies":[{"name":"wp","href":"https:\/\/api.w.org\/{rel}","templated":true}]}}