{"id":1327,"date":"2018-03-23T18:16:39","date_gmt":"2018-03-23T17:16:39","guid":{"rendered":"https:\/\/leuag.web.atrox.ch\/fr\/?page_id=1327"},"modified":"2022-09-09T07:33:02","modified_gmt":"2022-09-09T05:33:02","slug":"service","status":"publish","type":"page","link":"https:\/\/leuag.web.atrox.ch\/fr\/services\/service\/","title":{"rendered":"Service"},"content":{"rendered":"\t\n\t\t\t\t\t\t<div class=\"gfitfw-prod-switchbox-wrapper\">\t\t\t\t\n\t\t\t\t\t\t\t\t\t<div class=\"gfitfw-prod-switchbox-element\">\n\t\t\t\t\t\t\t\t\t\t<h3>Concepts de support et de maintenance<\/h3>\n\t\t\t\t\t\t\t\t\t\t<div class=\"gfitfw-prod-switchbox-element-content\">\n\t\t\t\t\t\t\t\t\t\t\t<img loading=\"lazy\" decoding=\"async\" width=\"4514\" height=\"3160\" src=\"https:\/\/leuag.web.atrox.ch\/fr\/wp-content\/uploads\/sites\/4\/2017\/01\/IMG_8803-e1484639633792.jpg\" class=\"attachment-full size-full wp-post-image\" alt=\"\" srcset=\"https:\/\/leuag.web.atrox.ch\/fr\/wp-content\/uploads\/sites\/4\/2017\/01\/IMG_8803-e1484639633792.jpg 4514w, https:\/\/leuag.web.atrox.ch\/fr\/wp-content\/uploads\/sites\/4\/2017\/01\/IMG_8803-e1484639633792-300x210.jpg 300w, https:\/\/leuag.web.atrox.ch\/fr\/wp-content\/uploads\/sites\/4\/2017\/01\/IMG_8803-e1484639633792-768x538.jpg 768w, https:\/\/leuag.web.atrox.ch\/fr\/wp-content\/uploads\/sites\/4\/2017\/01\/IMG_8803-e1484639633792-1024x717.jpg 1024w\" sizes=\"auto, (max-width: 4514px) 100vw, 4514px\" \/>\n\t\t\t\t\t\t\t\t\t\t\t<div class=\"gfitfw-prod-switchbox-element-content-text\">\n\t\t\t\t\t\t\t\t\t\t\t\t<p>Nous proposons diff\u00e9rentes possibilit\u00e9s qui vous permettent d&rsquo;assurer la conservation de valeur de votre investissement.<\/p>\n\n\t\t\t\t\t\t\t\t\t\t\t<\/div>\n\t\t\t\t\t\t\t\t\t\t<\/div>\n\t\t\t\t\t\t\t\t\t<\/div>\t\t\t\t\n\t\t\t\t\t\t\t\t\t<div class=\"gfitfw-prod-switchbox-element\">\n\t\t\t\t\t\t\t\t\t\t<h3>Conseil<\/h3>\n\t\t\t\t\t\t\t\t\t\t<div class=\"gfitfw-prod-switchbox-element-content\">\n\t\t\t\t\t\t\t\t\t\t\t<img loading=\"lazy\" decoding=\"async\" width=\"4066\" height=\"2831\" src=\"https:\/\/leuag.web.atrox.ch\/fr\/wp-content\/uploads\/sites\/4\/2017\/01\/IMG_8835-e1484639668797.jpg\" class=\"attachment-full size-full wp-post-image\" alt=\"\" srcset=\"https:\/\/leuag.web.atrox.ch\/fr\/wp-content\/uploads\/sites\/4\/2017\/01\/IMG_8835-e1484639668797.jpg 4066w, https:\/\/leuag.web.atrox.ch\/fr\/wp-content\/uploads\/sites\/4\/2017\/01\/IMG_8835-e1484639668797-300x209.jpg 300w, https:\/\/leuag.web.atrox.ch\/fr\/wp-content\/uploads\/sites\/4\/2017\/01\/IMG_8835-e1484639668797-768x535.jpg 768w, https:\/\/leuag.web.atrox.ch\/fr\/wp-content\/uploads\/sites\/4\/2017\/01\/IMG_8835-e1484639668797-1024x713.jpg 1024w\" sizes=\"auto, (max-width: 4066px) 100vw, 4066px\" \/>\n\t\t\t\t\t\t\t\t\t\t\t<div class=\"gfitfw-prod-switchbox-element-content-text\">\n\t\t\t\t\t\t\t\t\t\t\t\t<p>Un entretien-conseil sans engagement peut marquer le d\u00e9part d&rsquo;un partenariat. N&rsquo;h\u00e9sitez pas \u00e0 nous contacter, nous nous ferons un plaisir de vous renseigner !<\/p>\n\n\t\t\t\t\t\t\t\t\t\t\t<\/div>\n\t\t\t\t\t\t\t\t\t\t<\/div>\n\t\t\t\t\t\t\t\t\t<\/div>\t\t\t\t\n\t\t\t\t\t\t\t\t\t<div class=\"gfitfw-prod-switchbox-element\">\n\t\t\t\t\t\t\t\t\t\t<h3>Formation<\/h3>\n\t\t\t\t\t\t\t\t\t\t<div class=\"gfitfw-prod-switchbox-element-content\">\n\t\t\t\t\t\t\t\t\t\t\t<img loading=\"lazy\" decoding=\"async\" width=\"5381\" height=\"3587\" src=\"https:\/\/leuag.web.atrox.ch\/fr\/wp-content\/uploads\/sites\/4\/2017\/01\/IMG_9189-2.jpg\" class=\"attachment-full size-full wp-post-image\" alt=\"\" srcset=\"https:\/\/leuag.web.atrox.ch\/fr\/wp-content\/uploads\/sites\/4\/2017\/01\/IMG_9189-2.jpg 5381w, https:\/\/leuag.web.atrox.ch\/fr\/wp-content\/uploads\/sites\/4\/2017\/01\/IMG_9189-2-300x200.jpg 300w, https:\/\/leuag.web.atrox.ch\/fr\/wp-content\/uploads\/sites\/4\/2017\/01\/IMG_9189-2-768x512.jpg 768w, https:\/\/leuag.web.atrox.ch\/fr\/wp-content\/uploads\/sites\/4\/2017\/01\/IMG_9189-2-1024x683.jpg 1024w\" sizes=\"auto, (max-width: 5381px) 100vw, 5381px\" \/>\n\t\t\t\t\t\t\t\t\t\t\t<div class=\"gfitfw-prod-switchbox-element-content-text\">\n\t\t\t\t\t\t\t\t\t\t\t\t<p>Nous veillons \u00e0 ce que vous puissiez utiliser votre acquisition rapidement et de mani\u00e8re optimale.<\/p>\n\n\t\t\t\t\t\t\t\t\t\t\t<\/div>\n\t\t\t\t\t\t\t\t\t\t<\/div>\n\t\t\t\t\t\t\t\t\t<\/div>\t\t\t\t\n\t\t\t\t\t\t\t\t\t<div class=\"gfitfw-prod-switchbox-element\">\n\t\t\t\t\t\t\t\t\t\t<h3>Hotline de service<\/h3>\n\t\t\t\t\t\t\t\t\t\t<div class=\"gfitfw-prod-switchbox-element-content\">\n\t\t\t\t\t\t\t\t\t\t\t<img loading=\"lazy\" decoding=\"async\" width=\"5419\" height=\"3744\" src=\"https:\/\/leuag.web.atrox.ch\/fr\/wp-content\/uploads\/sites\/4\/2017\/01\/20160607-IMG_5737-e1484639699295.jpg\" class=\"attachment-full size-full wp-post-image\" alt=\"\" srcset=\"https:\/\/leuag.web.atrox.ch\/fr\/wp-content\/uploads\/sites\/4\/2017\/01\/20160607-IMG_5737-e1484639699295.jpg 5419w, https:\/\/leuag.web.atrox.ch\/fr\/wp-content\/uploads\/sites\/4\/2017\/01\/20160607-IMG_5737-e1484639699295-300x207.jpg 300w, https:\/\/leuag.web.atrox.ch\/fr\/wp-content\/uploads\/sites\/4\/2017\/01\/20160607-IMG_5737-e1484639699295-768x531.jpg 768w, https:\/\/leuag.web.atrox.ch\/fr\/wp-content\/uploads\/sites\/4\/2017\/01\/20160607-IMG_5737-e1484639699295-1024x707.jpg 1024w\" sizes=\"auto, (max-width: 5419px) 100vw, 5419px\" \/>\n\t\t\t\t\t\t\t\t\t\t\t<div class=\"gfitfw-prod-switchbox-element-content-text\">\n\t\t\t\t\t\t\t\t\t\t\t\t<p>Vous recherchez une solution \u00e0 votre probl\u00e8me ? Contactez notre service. Informations :<\/p>\n<p><a href=\"https:\/\/leuag.web.atrox.ch\/wp-content\/uploads\/2020\/04\/Leuag-Service-Org-2020-04-f.pdf\" target=\"_blank\" rel=\"noopener noreferrer\">Service Organisation (pdf)<\/a><\/p>\n\n\t\t\t\t\t\t\t\t\t\t\t<\/div>\n\t\t\t\t\t\t\t\t\t\t<\/div>\n\t\t\t\t\t\t\t\t\t<\/div>\t\t\t\t\n\t\t\t\t\t\t\t\t\t<div class=\"gfitfw-prod-switchbox-element\">\n\t\t\t\t\t\t\t\t\t\t<h3>Installation<\/h3>\n\t\t\t\t\t\t\t\t\t\t<div class=\"gfitfw-prod-switchbox-element-content\">\n\t\t\t\t\t\t\t\t\t\t\t<img loading=\"lazy\" decoding=\"async\" width=\"5616\" height=\"3744\" src=\"https:\/\/leuag.web.atrox.ch\/fr\/wp-content\/uploads\/sites\/4\/2017\/01\/Installation_1_948x660.jpg\" class=\"attachment-full size-full wp-post-image\" alt=\"\" srcset=\"https:\/\/leuag.web.atrox.ch\/fr\/wp-content\/uploads\/sites\/4\/2017\/01\/Installation_1_948x660.jpg 5616w, https:\/\/leuag.web.atrox.ch\/fr\/wp-content\/uploads\/sites\/4\/2017\/01\/Installation_1_948x660-300x200.jpg 300w, https:\/\/leuag.web.atrox.ch\/fr\/wp-content\/uploads\/sites\/4\/2017\/01\/Installation_1_948x660-768x512.jpg 768w, https:\/\/leuag.web.atrox.ch\/fr\/wp-content\/uploads\/sites\/4\/2017\/01\/Installation_1_948x660-1024x683.jpg 1024w\" sizes=\"auto, (max-width: 5616px) 100vw, 5616px\" \/>\n\t\t\t\t\t\t\t\t\t\t\t<div class=\"gfitfw-prod-switchbox-element-content-text\">\n\t\t\t\t\t\t\t\t\t\t\t\t<p>Nous vous garantissons une installation conforme de.<\/p>\n\n\t\t\t\t\t\t\t\t\t\t\t<\/div>\n\t\t\t\t\t\t\t\t\t\t<\/div>\n\t\t\t\t\t\t\t\t\t<\/div>\t\t\t\t\n\t\t\t\t\t\t\t\t\t<div class=\"gfitfw-prod-switchbox-element\">\n\t\t\t\t\t\t\t\t\t\t<h3>Livraison<\/h3>\n\t\t\t\t\t\t\t\t\t\t<div class=\"gfitfw-prod-switchbox-element-content\">\n\t\t\t\t\t\t\t\t\t\t\t<img loading=\"lazy\" decoding=\"async\" width=\"2325\" height=\"1619\" src=\"https:\/\/leuag.web.atrox.ch\/fr\/wp-content\/uploads\/sites\/4\/2017\/01\/Bildschirmfoto-2017-01-17-um-08.38.01-e1484639759278.png\" class=\"attachment-full size-full wp-post-image\" alt=\"\" srcset=\"https:\/\/leuag.web.atrox.ch\/fr\/wp-content\/uploads\/sites\/4\/2017\/01\/Bildschirmfoto-2017-01-17-um-08.38.01-e1484639759278.png 2325w, https:\/\/leuag.web.atrox.ch\/fr\/wp-content\/uploads\/sites\/4\/2017\/01\/Bildschirmfoto-2017-01-17-um-08.38.01-e1484639759278-300x209.png 300w, https:\/\/leuag.web.atrox.ch\/fr\/wp-content\/uploads\/sites\/4\/2017\/01\/Bildschirmfoto-2017-01-17-um-08.38.01-e1484639759278-768x535.png 768w, https:\/\/leuag.web.atrox.ch\/fr\/wp-content\/uploads\/sites\/4\/2017\/01\/Bildschirmfoto-2017-01-17-um-08.38.01-e1484639759278-1024x713.png 1024w\" sizes=\"auto, (max-width: 2325px) 100vw, 2325px\" \/>\n\t\t\t\t\t\t\t\t\t\t\t<div class=\"gfitfw-prod-switchbox-element-content-text\">\n\t\t\t\t\t\t\t\t\t\t\t\t<p>Nous assurons le transport en toute s\u00e9curit\u00e9 des appareils et installations. De m\u00eame, le d\u00e9m\u00e9nagement de syst\u00e8mes complexes et leur r\u00e9installation font aussi partie de nos comp\u00e9tences.<\/p>\n\n\t\t\t\t\t\t\t\t\t\t\t<\/div>\n\t\t\t\t\t\t\t\t\t\t<\/div>\n\t\t\t\t\t\t\t\t\t<\/div>\n\t\t\t\t\t\t<\/div>\n\t\t\t\t\t\n<p>Notre service a pour but de vous offrir une exploitation et conservation de valeur optimale de votre installation. Nous misons sur une qualit\u00e9 intransigeante. Tous nos techniciens de service et notre personnel d&rsquo;application, en plus de leur formation professionnelle, sont \u00e9galement form\u00e9s par nos fournisseurs sur les installations\/appareils que nous distribuons.<\/p>\n","protected":false},"excerpt":{"rendered":"<p>Notre service a pour but de vous offrir une exploitation et conservation de valeur optimale de votre installation. Nous misons sur une qualit\u00e9 intransigeante. Tous nos techniciens de service et notre personnel d&rsquo;application, en plus de leur formation professionnelle, sont \u00e9galement form\u00e9s par nos fournisseurs sur les installations\/appareils que nous distribuons.<\/p>\n","protected":false},"author":1,"featured_media":0,"parent":16,"menu_order":0,"comment_status":"closed","ping_status":"closed","template":"","meta":{"footnotes":"","_links_to":"","_links_to_target":""},"class_list":["post-1327","page","type-page","status-publish","hentry"],"_links":{"self":[{"href":"https:\/\/leuag.web.atrox.ch\/fr\/wp-json\/wp\/v2\/pages\/1327","targetHints":{"allow":["GET"]}}],"collection":[{"href":"https:\/\/leuag.web.atrox.ch\/fr\/wp-json\/wp\/v2\/pages"}],"about":[{"href":"https:\/\/leuag.web.atrox.ch\/fr\/wp-json\/wp\/v2\/types\/page"}],"author":[{"embeddable":true,"href":"https:\/\/leuag.web.atrox.ch\/fr\/wp-json\/wp\/v2\/users\/1"}],"replies":[{"embeddable":true,"href":"https:\/\/leuag.web.atrox.ch\/fr\/wp-json\/wp\/v2\/comments?post=1327"}],"version-history":[{"count":5,"href":"https:\/\/leuag.web.atrox.ch\/fr\/wp-json\/wp\/v2\/pages\/1327\/revisions"}],"predecessor-version":[{"id":2023,"href":"https:\/\/leuag.web.atrox.ch\/fr\/wp-json\/wp\/v2\/pages\/1327\/revisions\/2023"}],"up":[{"embeddable":true,"href":"https:\/\/leuag.web.atrox.ch\/fr\/wp-json\/wp\/v2\/pages\/16"}],"wp:attachment":[{"href":"https:\/\/leuag.web.atrox.ch\/fr\/wp-json\/wp\/v2\/media?parent=1327"}],"curies":[{"name":"wp","href":"https:\/\/api.w.org\/{rel}","templated":true}]}}