{"id":44,"date":"2016-06-16T09:51:04","date_gmt":"2016-06-16T07:51:04","guid":{"rendered":"https:\/\/leuag.web.atrox.ch.tiberius.sui-inter.net\/?page_id=44"},"modified":"2025-01-16T10:10:14","modified_gmt":"2025-01-16T09:10:14","slug":"societe","status":"publish","type":"page","link":"https:\/\/leuag.web.atrox.ch\/fr\/leuag-sa\/societe\/","title":{"rendered":"Soci\u00e9t\u00e9"},"content":{"rendered":"<p>La soci\u00e9t\u00e9 Leuag SA est active dans le domaine de la technique m\u00e9dicale. Elle est domicili\u00e9e \u00e0 Alpnach OW et ses d\u00e9partements commerciaux et techniques emploient plus de 40 personnes. Sa succursale pour la Suisse romande se trouve \u00e0 Chexbres VD. Il s&rsquo;agit d&rsquo;une soci\u00e9t\u00e9 purement suisse, d\u00e9tenue \u00e0 100% par des collaborateurs.<\/p>\n<p>La soci\u00e9t\u00e9 Leuag a \u00e9t\u00e9 fond\u00e9e en 1984 par Peter Leu. <strong>Hier comme aujourd&rsquo;hui, son objectif consiste \u00e0 distribuer des produits de qualit\u00e9 sup\u00e9rieure pour la m\u00e9decine et la science sur le march\u00e9 suisse et d\u2019assurer le maintien de la qualit\u00e9 de ces produits gr\u00e2ce \u00e0 une prestation de service comp\u00e9tente et efficace.<\/strong><\/p>\n<p>Le premier si\u00e8ge de la soci\u00e9t\u00e9 \u00e9tait bas\u00e9 \u00e0 Mettmenstetten ZH. Elle a d\u00e9m\u00e9nag\u00e9 plus tard \u00e0 Lucerne. De 1997 \u00e0 2008 la soci\u00e9t\u00e9 \u00e9tait bas\u00e9e \u00e0 Stans NW. Son si\u00e8ge est \u00e0 Alpnach Dorf OW depuis le 1er avril 2008.<\/p>\n","protected":false},"excerpt":{"rendered":"<p>La soci\u00e9t\u00e9 Leuag SA est active dans le domaine de la technique m\u00e9dicale. Elle est domicili\u00e9e \u00e0 Alpnach OW et ses d\u00e9partements commerciaux et techniques emploient plus de 40 personnes. Sa succursale pour la Suisse romande se trouve \u00e0 Chexbres VD. Il s&rsquo;agit d&rsquo;une soci\u00e9t\u00e9 purement suisse, d\u00e9tenue \u00e0 100% par des collaborateurs. La soci\u00e9t\u00e9 [&hellip;]<\/p>\n","protected":false},"author":1,"featured_media":0,"parent":18,"menu_order":0,"comment_status":"closed","ping_status":"closed","template":"two-columns-template.php","meta":{"footnotes":"","_links_to":"","_links_to_target":""},"class_list":["post-44","page","type-page","status-publish","hentry"],"_links":{"self":[{"href":"https:\/\/leuag.web.atrox.ch\/fr\/wp-json\/wp\/v2\/pages\/44","targetHints":{"allow":["GET"]}}],"collection":[{"href":"https:\/\/leuag.web.atrox.ch\/fr\/wp-json\/wp\/v2\/pages"}],"about":[{"href":"https:\/\/leuag.web.atrox.ch\/fr\/wp-json\/wp\/v2\/types\/page"}],"author":[{"embeddable":true,"href":"https:\/\/leuag.web.atrox.ch\/fr\/wp-json\/wp\/v2\/users\/1"}],"replies":[{"embeddable":true,"href":"https:\/\/leuag.web.atrox.ch\/fr\/wp-json\/wp\/v2\/comments?post=44"}],"version-history":[{"count":15,"href":"https:\/\/leuag.web.atrox.ch\/fr\/wp-json\/wp\/v2\/pages\/44\/revisions"}],"predecessor-version":[{"id":2351,"href":"https:\/\/leuag.web.atrox.ch\/fr\/wp-json\/wp\/v2\/pages\/44\/revisions\/2351"}],"up":[{"embeddable":true,"href":"https:\/\/leuag.web.atrox.ch\/fr\/wp-json\/wp\/v2\/pages\/18"}],"wp:attachment":[{"href":"https:\/\/leuag.web.atrox.ch\/fr\/wp-json\/wp\/v2\/media?parent=44"}],"curies":[{"name":"wp","href":"https:\/\/api.w.org\/{rel}","templated":true}]}}