{"id":463,"date":"2016-08-24T16:30:55","date_gmt":"2016-08-24T14:30:55","guid":{"rendered":"https:\/\/leuag.web.atrox.ch.tiberius.sui-inter.net\/?page_id=463"},"modified":"2020-10-23T08:34:52","modified_gmt":"2020-10-23T06:34:52","slug":"ligne-directrice","status":"publish","type":"page","link":"https:\/\/leuag.web.atrox.ch\/fr\/leuag-sa\/ligne-directrice\/","title":{"rendered":"Ligne directrice"},"content":{"rendered":"<ul>\n<li>Vendre sur le march\u00e9 suisse des produits de haute qualit\u00e9, de fabricants de renomm\u00e9e internationale, dans un champ d&rsquo;application restreint<\/li>\n<li>Instaurer et conserver avec ses clients des relations ax\u00e9es sur le long terme et la continuit\u00e9 par une activit\u00e9 de conseil fond\u00e9e et responsable<\/li>\n<li>Assurer par un service comp\u00e9tent, une disponibilit\u00e9 \u00e9lev\u00e9e et une conservation optimale de la valeur des produits vendus<\/li>\n<\/ul>\n<a href=\"\/fr\/wp-content\/uploads\/sites\/4\/2020\/10\/Imagebroschuere_210x220_f_1020_low3.pdf\" target=\"_blank\" class=\"gfitfw-download-shortcode\">Brochure de pr\u00e9sentation (pdf)<\/a>\n","protected":false},"excerpt":{"rendered":"<p>Vendre sur le march\u00e9 suisse des produits de haute qualit\u00e9, de fabricants de renomm\u00e9e internationale, dans un champ d&rsquo;application restreint Instaurer et conserver avec ses clients des relations ax\u00e9es sur le long terme et la continuit\u00e9 par une activit\u00e9 de conseil fond\u00e9e et responsable Assurer par un service comp\u00e9tent, une disponibilit\u00e9 \u00e9lev\u00e9e et une conservation [&hellip;]<\/p>\n","protected":false},"author":1,"featured_media":0,"parent":18,"menu_order":0,"comment_status":"closed","ping_status":"closed","template":"two-columns-template.php","meta":{"footnotes":"","_links_to":"","_links_to_target":""},"class_list":["post-463","page","type-page","status-publish","hentry"],"_links":{"self":[{"href":"https:\/\/leuag.web.atrox.ch\/fr\/wp-json\/wp\/v2\/pages\/463","targetHints":{"allow":["GET"]}}],"collection":[{"href":"https:\/\/leuag.web.atrox.ch\/fr\/wp-json\/wp\/v2\/pages"}],"about":[{"href":"https:\/\/leuag.web.atrox.ch\/fr\/wp-json\/wp\/v2\/types\/page"}],"author":[{"embeddable":true,"href":"https:\/\/leuag.web.atrox.ch\/fr\/wp-json\/wp\/v2\/users\/1"}],"replies":[{"embeddable":true,"href":"https:\/\/leuag.web.atrox.ch\/fr\/wp-json\/wp\/v2\/comments?post=463"}],"version-history":[{"count":8,"href":"https:\/\/leuag.web.atrox.ch\/fr\/wp-json\/wp\/v2\/pages\/463\/revisions"}],"predecessor-version":[{"id":1754,"href":"https:\/\/leuag.web.atrox.ch\/fr\/wp-json\/wp\/v2\/pages\/463\/revisions\/1754"}],"up":[{"embeddable":true,"href":"https:\/\/leuag.web.atrox.ch\/fr\/wp-json\/wp\/v2\/pages\/18"}],"wp:attachment":[{"href":"https:\/\/leuag.web.atrox.ch\/fr\/wp-json\/wp\/v2\/media?parent=463"}],"curies":[{"name":"wp","href":"https:\/\/api.w.org\/{rel}","templated":true}]}}