{"id":8,"date":"2016-06-16T09:02:50","date_gmt":"2016-06-16T07:02:50","guid":{"rendered":"https:\/\/leuag.web.atrox.ch.tiberius.sui-inter.net\/?page_id=8"},"modified":"2025-05-27T10:56:57","modified_gmt":"2025-05-27T08:56:57","slug":"home","status":"publish","type":"page","link":"https:\/\/leuag.web.atrox.ch\/fr\/","title":{"rendered":"Bienvenue sur le site Leuag"},"content":{"rendered":"<p lang=\"fr-FR\"><span style=\"color: #000000;\">Depuis 1984, la soci\u00e9t\u00e9 Leuag est un partenaire fiable du secteur de la technique m\u00e9dicale.<\/span><\/p>\n<p lang=\"fr-FR\"><span style=\"color: #000000;\">Qu&rsquo;il s&rsquo;agisse de l&rsquo;anesth\u00e9sie, la chirurgie, la cardiologie, la surveillance des patients et la radiologie, nous proposons des produits qui comptent parmi les meilleurs dans leurs secteurs. Notre service apr\u00e8s-vente assure la conservation de valeur \u00e0 long terme des appareils et installations vendus.<\/span><\/p>\n<p lang=\"fr-FR\"><span style=\"color: #000000;\">Ce site web pr\u00e9sente nos produits et services, ainsi que les personnes qui travaillent chez Leuag.<\/span><\/p>\n<p lang=\"fr-FR\"><span style=\"color: #000000;\">Si vous avez des questions, n&rsquo;h\u00e9sitez pas \u00e0 nous contacter, nous vous r\u00e9pondrons avec plaisir!<\/span><\/p>\n","protected":false},"excerpt":{"rendered":"<p>Depuis 1984, la soci\u00e9t\u00e9 Leuag est un partenaire fiable du secteur de la technique m\u00e9dicale. Qu&rsquo;il s&rsquo;agisse de l&rsquo;anesth\u00e9sie, la chirurgie, la cardiologie, la surveillance des patients et la radiologie, nous proposons des produits qui comptent parmi les meilleurs dans leurs secteurs. Notre service apr\u00e8s-vente assure la conservation de valeur \u00e0 long terme des appareils [&hellip;]<\/p>\n","protected":false},"author":1,"featured_media":2037,"parent":0,"menu_order":0,"comment_status":"closed","ping_status":"closed","template":"","meta":{"footnotes":"","_links_to":"","_links_to_target":""},"class_list":["post-8","page","type-page","status-publish","has-post-thumbnail","hentry"],"_links":{"self":[{"href":"https:\/\/leuag.web.atrox.ch\/fr\/wp-json\/wp\/v2\/pages\/8","targetHints":{"allow":["GET"]}}],"collection":[{"href":"https:\/\/leuag.web.atrox.ch\/fr\/wp-json\/wp\/v2\/pages"}],"about":[{"href":"https:\/\/leuag.web.atrox.ch\/fr\/wp-json\/wp\/v2\/types\/page"}],"author":[{"embeddable":true,"href":"https:\/\/leuag.web.atrox.ch\/fr\/wp-json\/wp\/v2\/users\/1"}],"replies":[{"embeddable":true,"href":"https:\/\/leuag.web.atrox.ch\/fr\/wp-json\/wp\/v2\/comments?post=8"}],"version-history":[{"count":18,"href":"https:\/\/leuag.web.atrox.ch\/fr\/wp-json\/wp\/v2\/pages\/8\/revisions"}],"predecessor-version":[{"id":1683,"href":"https:\/\/leuag.web.atrox.ch\/fr\/wp-json\/wp\/v2\/pages\/8\/revisions\/1683"}],"wp:featuredmedia":[{"embeddable":true,"href":"https:\/\/leuag.web.atrox.ch\/fr\/wp-json\/wp\/v2\/media\/2037"}],"wp:attachment":[{"href":"https:\/\/leuag.web.atrox.ch\/fr\/wp-json\/wp\/v2\/media?parent=8"}],"curies":[{"name":"wp","href":"https:\/\/api.w.org\/{rel}","templated":true}]}}